{"id":579,"date":"2018-04-11T14:24:27","date_gmt":"2018-04-11T12:24:27","guid":{"rendered":"http:\/\/www.camping-moredena.com\/services\/"},"modified":"2018-07-09T10:35:32","modified_gmt":"2018-07-09T08:35:32","slug":"services","status":"publish","type":"page","link":"https:\/\/www.camping-moredena.com\/en\/services\/","title":{"rendered":"Services"},"content":{"rendered":"","protected":false},"excerpt":{"rendered":"","protected":false},"author":9,"featured_media":0,"parent":0,"menu_order":0,"comment_status":"closed","ping_status":"closed","template":"","meta":[],"acf":[],"yoast_head":"<!-- This site is optimized with the Yoast SEO plugin v24.1 - https:\/\/yoast.com\/wordpress\/plugins\/seo\/ -->\n<title>Services - Camping Mor\u00e9d\u00e9na<\/title>\n<meta name=\"robots\" content=\"index, follow, max-snippet:-1, max-image-preview:large, max-video-preview:-1\" \/>\n<link rel=\"canonical\" href=\"https:\/\/www.camping-moredena.com\/en\/services\/\" \/>\n<meta property=\"og:locale\" content=\"en_US\" \/>\n<meta property=\"og:type\" content=\"article\" \/>\n<meta property=\"og:title\" content=\"Services - Camping Mor\u00e9d\u00e9na\" \/>\n<meta property=\"og:url\" content=\"https:\/\/www.camping-moredena.com\/en\/services\/\" \/>\n<meta property=\"og:site_name\" content=\"Camping Mor\u00e9d\u00e9na\" \/>\n<meta property=\"article:modified_time\" content=\"2018-07-09T08:35:32+00:00\" \/>\n<meta name=\"twitter:card\" content=\"summary_large_image\" \/>\n<script type=\"application\/ld+json\" class=\"yoast-schema-graph\">{\"@context\":\"https:\/\/schema.org\",\"@graph\":[{\"@type\":\"WebPage\",\"@id\":\"https:\/\/www.camping-moredena.com\/en\/services\/\",\"url\":\"https:\/\/www.camping-moredena.com\/en\/services\/\",\"name\":\"Services - Camping Mor\u00e9d\u00e9na\",\"isPartOf\":{\"@id\":\"https:\/\/www.camping-moredena.com\/#website\"},\"datePublished\":\"2018-04-11T12:24:27+00:00\",\"dateModified\":\"2018-07-09T08:35:32+00:00\",\"inLanguage\":\"en-US\",\"potentialAction\":[{\"@type\":\"ReadAction\",\"target\":[\"https:\/\/www.camping-moredena.com\/en\/services\/\"]}]},{\"@type\":\"WebSite\",\"@id\":\"https:\/\/www.camping-moredena.com\/#website\",\"url\":\"https:\/\/www.camping-moredena.com\/\",\"name\":\"Camping Mor\u00e9d\u00e9na\",\"description\":\"3 \u00e9toiles - Les Bords de Sarthe\",\"inLanguage\":\"en-US\"}]}<\/script>\n<!-- \/ Yoast SEO plugin. -->","yoast_head_json":{"title":"Services - Camping Mor\u00e9d\u00e9na","robots":{"index":"index","follow":"follow","max-snippet":"max-snippet:-1","max-image-preview":"max-image-preview:large","max-video-preview":"max-video-preview:-1"},"canonical":"https:\/\/www.camping-moredena.com\/en\/services\/","og_locale":"en_US","og_type":"article","og_title":"Services - Camping Mor\u00e9d\u00e9na","og_url":"https:\/\/www.camping-moredena.com\/en\/services\/","og_site_name":"Camping Mor\u00e9d\u00e9na","article_modified_time":"2018-07-09T08:35:32+00:00","twitter_card":"summary_large_image","schema":{"@context":"https:\/\/schema.org","@graph":[{"@type":"WebPage","@id":"https:\/\/www.camping-moredena.com\/en\/services\/","url":"https:\/\/www.camping-moredena.com\/en\/services\/","name":"Services - Camping Mor\u00e9d\u00e9na","isPartOf":{"@id":"https:\/\/www.camping-moredena.com\/#website"},"datePublished":"2018-04-11T12:24:27+00:00","dateModified":"2018-07-09T08:35:32+00:00","inLanguage":"en-US","potentialAction":[{"@type":"ReadAction","target":["https:\/\/www.camping-moredena.com\/en\/services\/"]}]},{"@type":"WebSite","@id":"https:\/\/www.camping-moredena.com\/#website","url":"https:\/\/www.camping-moredena.com\/","name":"Camping Mor\u00e9d\u00e9na","description":"3 \u00e9toiles - Les Bords de Sarthe","inLanguage":"en-US"}]}},"_links":{"self":[{"href":"https:\/\/www.camping-moredena.com\/en\/wp-json\/wp\/v2\/pages\/579"}],"collection":[{"href":"https:\/\/www.camping-moredena.com\/en\/wp-json\/wp\/v2\/pages"}],"about":[{"href":"https:\/\/www.camping-moredena.com\/en\/wp-json\/wp\/v2\/types\/page"}],"author":[{"embeddable":true,"href":"https:\/\/www.camping-moredena.com\/en\/wp-json\/wp\/v2\/users\/9"}],"replies":[{"embeddable":true,"href":"https:\/\/www.camping-moredena.com\/en\/wp-json\/wp\/v2\/comments?post=579"}],"version-history":[{"count":11,"href":"https:\/\/www.camping-moredena.com\/en\/wp-json\/wp\/v2\/pages\/579\/revisions"}],"predecessor-version":[{"id":899,"href":"https:\/\/www.camping-moredena.com\/en\/wp-json\/wp\/v2\/pages\/579\/revisions\/899"}],"wp:attachment":[{"href":"https:\/\/www.camping-moredena.com\/en\/wp-json\/wp\/v2\/media?parent=579"}],"curies":[{"name":"wp","href":"https:\/\/api.w.org\/{rel}","templated":true}]}}